{"id":78,"date":"2020-09-15T05:52:11","date_gmt":"2020-09-15T05:52:11","guid":{"rendered":"https:\/\/demo.keonthemes.com\/gutener\/demo210\/?page_id=51"},"modified":"2023-02-27T14:38:26","modified_gmt":"2023-02-27T14:38:26","slug":"hakkimizda","status":"publish","type":"page","link":"https:\/\/herkafadanses.com\/en_us\/hakkimizda\/","title":{"rendered":"Hakk\u0131m\u0131zda"},"content":{"rendered":"<h2 id=\"biz-kimiz-ve-amacimiz-ne\">\n\t\tBiz Kimiz ve Amac\u0131m\u0131z ne?\n\t<\/h2>\n\t<p>HerKafadanSes.com, Birden fazla \u00fcniversite \u00f6\u011frencisinin g\u00f6n\u00fcll\u00fck esas\u0131yla bir araya gelip bir \u015feyler \u00fcretmek istemesiyle ortaya \u00e7\u0131kan bir platformdur. Bu platformda analizlerden \u00e7evirilere, g\u00fcndemden edebi tart\u0131\u015fmalara bir\u00e7ok konuda bilgi sahibi olabilirsiniz! Sizleri burada g\u00f6rmekten b\u00fcy\u00fck mutluluk duyar\u0131z \ud83d\ude00<\/p>\n<p>-HerKafadanSes Ekibi<\/p>\n\t\t\t\t<img fetchpriority=\"high\" decoding=\"async\" src=\"https:\/\/herkafadanses.com\/wp-content\/uploads\/2021\/03\/EScj4yvWoAEDHg9-Recovered.png\" alt=\"EScj4yvWoAEDHg9-Recovered\" itemprop=\"image\" height=\"1080\" width=\"1006\" title=\"EScj4yvWoAEDHg9-Recovered\" onerror=\"this.style.display='none'\">","protected":false},"excerpt":{"rendered":"Biz Kimiz ve Amac\u0131m\u0131z ne? HerKafadanSes.com, Birden fazla \u00fcniversite \u00f6\u011frencisinin g\u00f6n\u00fcll\u00fck esas\u0131yla&hellip;","protected":false},"author":1,"featured_media":0,"parent":0,"menu_order":0,"comment_status":"closed","ping_status":"closed","template":"","meta":{"_monsterinsights_skip_tracking":false,"_monsterinsights_sitenote_active":false,"_monsterinsights_sitenote_note":"","_monsterinsights_sitenote_category":0,"_uf_show_specific_survey":0,"_uf_disable_surveys":false,"footnotes":""},"aioseo_notices":[],"_links":{"self":[{"href":"https:\/\/herkafadanses.com\/en_us\/wp-json\/wp\/v2\/pages\/78"}],"collection":[{"href":"https:\/\/herkafadanses.com\/en_us\/wp-json\/wp\/v2\/pages"}],"about":[{"href":"https:\/\/herkafadanses.com\/en_us\/wp-json\/wp\/v2\/types\/page"}],"author":[{"embeddable":true,"href":"https:\/\/herkafadanses.com\/en_us\/wp-json\/wp\/v2\/users\/1"}],"replies":[{"embeddable":true,"href":"https:\/\/herkafadanses.com\/en_us\/wp-json\/wp\/v2\/comments?post=78"}],"version-history":[{"count":1,"href":"https:\/\/herkafadanses.com\/en_us\/wp-json\/wp\/v2\/pages\/78\/revisions"}],"predecessor-version":[{"id":4502,"href":"https:\/\/herkafadanses.com\/en_us\/wp-json\/wp\/v2\/pages\/78\/revisions\/4502"}],"wp:attachment":[{"href":"https:\/\/herkafadanses.com\/en_us\/wp-json\/wp\/v2\/media?parent=78"}],"curies":[{"name":"wp","href":"https:\/\/api.w.org\/{rel}","templated":true}]}}