{"id":208,"date":"2021-02-15T14:24:43","date_gmt":"2021-02-15T14:24:43","guid":{"rendered":"http:\/\/herkafadanses.com\/?page_id=208"},"modified":"2021-08-28T13:04:05","modified_gmt":"2021-08-28T13:04:05","slug":"bize-ulas","status":"publish","type":"page","link":"https:\/\/herkafadanses.com\/en_us\/bize-ulas\/","title":{"rendered":"Bize Ula\u015f"},"content":{"rendered":"<h1 id=\"bize-ulasin\">\n\t\tBize Ula\u015f\u0131n\n\t<\/h1>\n\t<p>Tayfun e\u011fer hedef bensem <a href=\"mailto:destek@herkafadanses.com\">destek@herkafadanses.com<\/a> adresinden bana ula\u015fabilirsin.<\/p>","protected":false},"excerpt":{"rendered":"Bize Ula\u015f\u0131n Tayfun e\u011fer hedef bensem destek@herkafadanses.com adresinden bana ula\u015fabilirsin.","protected":false},"author":1,"featured_media":0,"parent":0,"menu_order":0,"comment_status":"closed","ping_status":"closed","template":"","meta":{"_monsterinsights_skip_tracking":false,"_monsterinsights_sitenote_active":false,"_monsterinsights_sitenote_note":"","_monsterinsights_sitenote_category":0,"_uf_show_specific_survey":0,"_uf_disable_surveys":false,"footnotes":""},"aioseo_notices":[],"_links":{"self":[{"href":"https:\/\/herkafadanses.com\/en_us\/wp-json\/wp\/v2\/pages\/208"}],"collection":[{"href":"https:\/\/herkafadanses.com\/en_us\/wp-json\/wp\/v2\/pages"}],"about":[{"href":"https:\/\/herkafadanses.com\/en_us\/wp-json\/wp\/v2\/types\/page"}],"author":[{"embeddable":true,"href":"https:\/\/herkafadanses.com\/en_us\/wp-json\/wp\/v2\/users\/1"}],"replies":[{"embeddable":true,"href":"https:\/\/herkafadanses.com\/en_us\/wp-json\/wp\/v2\/comments?post=208"}],"version-history":[{"count":0,"href":"https:\/\/herkafadanses.com\/en_us\/wp-json\/wp\/v2\/pages\/208\/revisions"}],"wp:attachment":[{"href":"https:\/\/herkafadanses.com\/en_us\/wp-json\/wp\/v2\/media?parent=208"}],"curies":[{"name":"wp","href":"https:\/\/api.w.org\/{rel}","templated":true}]}}